{"id":58,"date":"2019-10-15T11:21:53","date_gmt":"2019-10-15T09:21:53","guid":{"rendered":"https:\/\/laantiguavicalvaro.archimadrid.es\/?page_id=58"},"modified":"2025-10-17T10:21:37","modified_gmt":"2025-10-17T08:21:37","slug":"entrada","status":"publish","type":"page","link":"https:\/\/laantiguavicalvaro.archimadrid.es\/","title":{"rendered":"Inicio"},"content":{"rendered":"<h1 style=\"text-align: center;\"><strong>Parroquia de Santa Mar\u00eda la Antigua<\/strong><\/h1>\n<p>&nbsp;<\/p>\n<p style=\"text-align: center;\"><strong>CARTA DE LA PARROQUIA<\/strong><\/p>\n<p>Queridos hermanos y amigos:<br \/>\nCon el mes de Junio aparece la perspectiva de las vacaciones, del verano, tras un curso pastoral lleno de actividades y momentos vividos con intensidad. Esto, sin embargo, no supone que la vida de cada uno de nosotros o la vida de nuestra Comunidad se paralice o que nos situemos en un par\u00e9ntesis, al contrario. En efecto, el rebajar el ritmo de actividad, el descanso, supone un volver a lo esencial y ah\u00ed las palabras de Jes\u00fas: \u201cVenid a m\u00ed todos los que est\u00e1is cansados y agobiados, y yo os aliviar\u00e9. Tomad mi yugo sobre vosotros y aprended de m\u00ed, que soy manso y humilde de coraz\u00f3n, y encontrar\u00e9is descanso para vuestras almas. Porque mi yugo es llevadero y mi carga ligera\u201d (Mt 11, 28-30). As\u00ed se desprend\u00eda del evangelio del domingo pasado tambi\u00e9n cuando, tras un momento intenso de predicaci\u00f3n, Jes\u00fas se retira con los suyos a la otra orilla: el mismo lago es lugar de trabajo y descanso, la misma barca desde la que ense\u00f1a a la multitud le lleva al lugar del descanso, los mismos compa\u00f1eros con los que predica le<br \/>\nacompa\u00f1an en el descanso y ah\u00ed puede profundizar con ellos, exponi\u00e9ndoles en privado esa ense\u00f1anza. El\u00a0tiempo de descanso se nos ofrece as\u00ed como momento de profundizaci\u00f3n, de vuelta a lo esencial, de asentar lo vivido, de estrechar lazos entre nosotros.<\/p>\n<p>Entre nosotros el verano est\u00e1 caracterizado adem\u00e1s por la presencia de la Madre, la Virgen, con sus fiestas y todo lo que se organiza en torno a ella. Si siempre Mar\u00eda es un referente en la vida de cada uno de nosotros, mucho m\u00e1s en estos meses en los que vibramos y gozamos con las fiestas del Carmen, de nuestra patrona Santa Mar\u00eda la Antigua y la fiesta de la Natividad, cuando la imagen de nuestra Madre sube de nuevo a su Camar\u00edn, en el centro del Retablo. Os invito a una participaci\u00f3n viva en los diferentes actos y celebraciones, a acrecentar nuestro amor y devoci\u00f3n a Ella, a gozar con su protecci\u00f3n segura en nuestra vida y vivir la fe en su Hijo como Ella hizo y nos ense\u00f1a.<\/p>\n<p>Desde esta referencia esencial en la vida del creyente y en uni\u00f3n con las indicaciones de nuestro Arzobispo en la carta que ha escrito al finalizar el curso pastoral<br \/>\n<a href=\"https:\/\/www.archimadrid.org\/images\/Images_Destacadas\/2024\/Junio_24\/Carta_Cardenal_Jose_Cobo.pdf\" target=\"_blank\" rel=\"noopener\">(https:\/\/www.archimadrid.org\/images\/Images_Destacadas\/2024\/Junio_24\/Carta_Cardenal_Jose_Cobo.pdf) <\/a>quisiera fijarme en Mar\u00eda como oyente de la Palabra de Dios, que la escucha y la pone en pr\u00e1ctica. As\u00ed os invito a aprovechar este tiempo para empaparnos de la Palabra de Dios, luz para nuestros pasos, a leerla, meditarla, acogerla en nuestro coraz\u00f3n y dejarnos interpelar por ella como anticipo de la Semana de la Biblia que se propone para todos los cristianos de Madrid del 22 al 28 de Septiembre y que tambi\u00e9n celebraremos en nuestra Parroquia.<\/p>\n<p>Feliz Verano a todos, con afecto, vuestro P\u00e1rroco,<\/p>\n<p>Jos\u00e9 Juan<\/p>\n<hr \/>\n<h3 style=\"text-align: center;\"><strong>RESPONSABILIDAD <\/strong><b>ECON\u00d3MICA<\/b><\/h3>\n<p>El Consejo de Asuntos Econ\u00f3micos nos hace llegar esta nota para p\u00fablico conocimiento de la Comunidad Parroquial:<br \/>\nA toda la COMUNIDAD PARROQUIAL:<br \/>\nAgradecemos el esfuerzo realizado en este a\u00f1o, y recordamos a toda la comunidad, que es imprescindible aumentar las suscripciones por banco, ya que esto nos aporta unos ingresos fijos que aseguran la posibilidad de hacer frente a todos los gastos del mantenimiento ordinario de la Parroquia.<\/p>\n<p>Adem\u00e1s recordamos los nuevos caminos de colaboraci\u00f3n econ\u00f3mica:<br \/>\n&#8211; Por donaci\u00f3n con tarjeta a trav\u00e9s de la terminal que hay en la Parroquia (en la entrada de la derecha).<br \/>\n&#8211; Por medio de la p\u00e1gina DONO A MI IGLESIA entrando en esa p\u00e1gina de la Conferencia Episcopal Espa\u00f1ola DONO A MI IGLESIA <a href=\"https:\/\/www.donoamiiglesia.es\" target=\"_blank\" rel=\"noopener noreferrer\">https:\/\/www.donoamiiglesia.es<\/a> :<br \/>\nAcceder a la web y elegir la opci\u00f3n \u201cdonar a mi parroquia\u201d. Elegir \u201cc\u00f3digo postal 28032\u201d y en el desplegable elegir \u201cParroquia Santa Mar\u00eda La Antigua\u201d; elegir la cantidad a donar y si es \u00fanica o recurrente.<\/p>\n<p><img loading=\"lazy\" decoding=\"async\" class=\"alignnone wp-image-424\" src=\"https:\/\/laantiguavicalvaro.archimadrid.es\/wp-content\/uploads\/2020\/10\/Captura-300x151.jpg\" alt=\"\" width=\"481\" height=\"242\" srcset=\"https:\/\/laantiguavicalvaro.archimadrid.es\/wp-content\/uploads\/2020\/10\/Captura-300x151.jpg 300w, https:\/\/laantiguavicalvaro.archimadrid.es\/wp-content\/uploads\/2020\/10\/Captura-768x386.jpg 768w, https:\/\/laantiguavicalvaro.archimadrid.es\/wp-content\/uploads\/2020\/10\/Captura.jpg 990w\" sizes=\"auto, (max-width: 481px) 100vw, 481px\" \/><br \/>\n&#8211; Y por el nuevo SISTEMA BIZUM, poniendo la CLAVE PARROQUIAL que es: 00825.<\/p>\n<p><img loading=\"lazy\" decoding=\"async\" class=\"alignnone size-medium wp-image-427\" src=\"https:\/\/laantiguavicalvaro.archimadrid.es\/wp-content\/uploads\/2020\/10\/Bizum-300x199.jpg\" alt=\"\" width=\"300\" height=\"199\" srcset=\"https:\/\/laantiguavicalvaro.archimadrid.es\/wp-content\/uploads\/2020\/10\/Bizum-300x199.jpg 300w, https:\/\/laantiguavicalvaro.archimadrid.es\/wp-content\/uploads\/2020\/10\/Bizum.jpg 468w\" sizes=\"auto, (max-width: 300px) 100vw, 300px\" \/><\/p>\n<p><span style=\"color: #ff0000;\" data-darkreader-inline-color=\"\"><strong>Pincha aqu\u00ed para descargar el documento de suscripci\u00f3n: &#8211;&gt;<\/strong><\/span><span style=\"color: #0000ff;\" data-darkreader-inline-color=\"\"><a style=\"color: #0000ff;\" href=\"https:\/\/archimadrid-my.sharepoint.com\/:b:\/g\/personal\/lorenzobarrancojimenez_archidiocesis_madrid\/EXvlqS9Gq5hEswNM5CI1sbABjo4VkqY_f4_Ai0zzE4YXLA?e=8lk26Q\" target=\"_blank\" rel=\"noopener noreferrer\" data-darkreader-inline-color=\"\">https:\/\/drive.google.com\/open?id=1WaHLCnleAwP-g0d_G_irwx300HRAOcNq<\/a><\/span><\/p>\n<p>&nbsp;<\/p>\n<p style=\"text-align: left;\">Muchas gracias a todos, por la responsabilidad econ\u00f3mica que d\u00eda a d\u00eda, crece entre nosotros.<br \/>\nJunta Econ\u00f3mica de la Parroquia Santa M\u00aa La Antigua<\/p>\n<hr \/>\n<h3><strong>\u00c1ngelus<\/strong><\/h3>\n<ol>\n<li>V. El \u00c1ngel del Se\u00f1or anunci\u00f3 a Mar\u00eda,<br \/>\nR. Y concibi\u00f3 por obra del Esp\u00edritu Santo.<br \/>\nDios te salve, Mar\u00eda, llena eres de gracia&#8230;<\/li>\n<li>V. He aqu\u00ed la esclava del Se\u00f1or.<br \/>\nR. H\u00e1gase en mi seg\u00fan tu palabra.<br \/>\nDios te salve, Mar\u00eda, llena eres de gracia&#8230;<\/li>\n<li>V. Y el Verbo se hizo carne.<br \/>\nR. Y habit\u00f3 entre nosotros.<br \/>\nDios te salve, Mar\u00eda, llena eres de gracia&#8230;<\/li>\n<li>V. Ruega por nosotros, Santa Madre de Dios,<br \/>\nR. Para que seamos dignos de alcanzar las promesas de nuestro Se\u00f1or Jesucristo.<\/li>\n<\/ol>\n<p>Te suplicamos, Se\u00f1or, que derrames tu gracia en nuestras almas para que los que, por el anuncio del \u00c1ngel, hemos conocido la encarnaci\u00f3n de tu Hijo Jesucristo, por su Pasi\u00f3n y Cruz seamos llevados a la gloria de su Resurrecci\u00f3n. Por el mismo Jesucristo Nuestro Se\u00f1or.<br \/>\nR. Am\u00e9n.<\/p>\n<h3><strong>Comuni\u00f3n espiritual<\/strong><\/h3>\n<p>Creo, Jes\u00fas m\u00edo, que est\u00e1s real y verdaderamente en el cielo y en el Sant\u00edsimo Sacramento del Altar. Te amo sobre todas las cosas y deseo vivamente recibirte dentro de mi alma, pero no pudiendo hacerlo ahora sacramentalmente, ven al menos espiritualmente a mi coraz\u00f3n. Y como si ya te hubiese recibido, te abrazo y me uno del todo a Ti. Am\u00e9n<\/p>\n<p>&nbsp;<\/p>\n","protected":false},"excerpt":{"rendered":"<p>Parroquia de Santa Mar\u00eda la Antigua &nbsp; CARTA DE LA PARROQUIA Queridos hermanos y amigos: Con el mes de Junio aparece la perspectiva de las vacaciones, del verano, tras un curso pastoral lleno de actividades y momentos vividos con intensidad. Esto, sin embargo, no supone que la vida de cada uno de nosotros o la vida de nuestra Comunidad se paralice o que nos situemos en un par\u00e9ntesis, al contrario. En efecto, el rebajar el ritmo de actividad, el descanso, supone un volver a lo esencial y ah\u00ed las palabras de Jes\u00fas: \u201cVenid a m\u00ed todos los que est\u00e1is cansados y agobiados, y yo os aliviar\u00e9. Tomad mi yugo sobre vosotros y aprended de m\u00ed, que soy manso y humilde de coraz\u00f3n, y encontrar\u00e9is descanso para vuestras almas. Porque mi yugo es llevadero y mi carga ligera\u201d (Mt 11, 28-30). As\u00ed se desprend\u00eda del evangelio del domingo pasado tambi\u00e9n cuando, tras un momento intenso de predicaci\u00f3n, Jes\u00fas se retira con los suyos a la otra orilla: el mismo lago es lugar de trabajo y descanso, la misma barca desde la que ense\u00f1a a la multitud le lleva al lugar del descanso, los mismos compa\u00f1eros con los que predica le acompa\u00f1an en el descanso y ah\u00ed puede profundizar con ellos, exponi\u00e9ndoles en privado esa ense\u00f1anza. El\u00a0tiempo de descanso se nos ofrece as\u00ed como momento de profundizaci\u00f3n, de vuelta a lo esencial, de asentar lo vivido, de estrechar lazos entre nosotros. Entre nosotros el verano est\u00e1 caracterizado adem\u00e1s por la presencia de la Madre, la Virgen, con sus fiestas y todo lo que se organiza en torno a ella. Si siempre Mar\u00eda es un referente en la vida de cada uno de nosotros, mucho m\u00e1s en estos meses en los que vibramos y gozamos con las fiestas del Carmen, de nuestra patrona Santa Mar\u00eda la Antigua y la fiesta de la Natividad, cuando la imagen de nuestra Madre sube de nuevo a su Camar\u00edn, en el centro del Retablo. Os invito a una participaci\u00f3n viva en los diferentes actos y celebraciones, a acrecentar nuestro amor y devoci\u00f3n a Ella, a gozar con su protecci\u00f3n segura en nuestra vida y vivir la fe en su Hijo como Ella hizo y nos ense\u00f1a. Desde esta referencia esencial en la vida del creyente y en uni\u00f3n con las indicaciones de nuestro Arzobispo en la carta que ha escrito al finalizar el curso pastoral (https:\/\/www.archimadrid.org\/images\/Images_Destacadas\/2024\/Junio_24\/Carta_Cardenal_Jose_Cobo.pdf) quisiera fijarme en Mar\u00eda como oyente de la Palabra de Dios, que la escucha y la pone en pr\u00e1ctica. As\u00ed os invito a aprovechar este tiempo para empaparnos de la Palabra de Dios, luz para nuestros pasos, a leerla, meditarla, acogerla en nuestro coraz\u00f3n y dejarnos interpelar por ella como anticipo de la Semana de la Biblia que se propone para todos los cristianos de Madrid del 22 al 28 de Septiembre y que tambi\u00e9n celebraremos en nuestra Parroquia. Feliz Verano a todos, con afecto, vuestro P\u00e1rroco, Jos\u00e9 Juan RESPONSABILIDAD ECON\u00d3MICA El Consejo de Asuntos Econ\u00f3micos nos hace llegar esta nota para p\u00fablico conocimiento de la Comunidad Parroquial: A toda la COMUNIDAD PARROQUIAL: Agradecemos el esfuerzo realizado en este a\u00f1o, y recordamos a toda la comunidad, que es imprescindible aumentar las suscripciones por banco, ya que esto nos aporta unos ingresos fijos que aseguran la posibilidad de hacer frente a todos los gastos del mantenimiento ordinario de la Parroquia. Adem\u00e1s recordamos los nuevos caminos de colaboraci\u00f3n econ\u00f3mica: &#8211; Por donaci\u00f3n con tarjeta a trav\u00e9s de la terminal que hay en la Parroquia (en la entrada de la derecha). &#8211; Por medio de la p\u00e1gina DONO A MI IGLESIA entrando en esa p\u00e1gina de la Conferencia Episcopal Espa\u00f1ola DONO A MI IGLESIA https:\/\/www.donoamiiglesia.es : Acceder a la web y elegir la opci\u00f3n \u201cdonar a mi parroquia\u201d. Elegir \u201cc\u00f3digo postal 28032\u201d y en el desplegable elegir \u201cParroquia Santa Mar\u00eda La Antigua\u201d; elegir la cantidad a donar y si es \u00fanica o recurrente. &#8211; Y por el nuevo SISTEMA BIZUM, poniendo la CLAVE PARROQUIAL que es: 00825. Pincha aqu\u00ed para descargar el documento de suscripci\u00f3n: &#8211;&gt;https:\/\/drive.google.com\/open?id=1WaHLCnleAwP-g0d_G_irwx300HRAOcNq &nbsp; Muchas gracias a todos, por la responsabilidad econ\u00f3mica que d\u00eda a d\u00eda, crece entre nosotros. Junta Econ\u00f3mica de la Parroquia Santa M\u00aa La Antigua \u00c1ngelus V. El \u00c1ngel del Se\u00f1or anunci\u00f3 a Mar\u00eda, R. Y concibi\u00f3 por obra del Esp\u00edritu Santo. Dios te salve, Mar\u00eda, llena eres de gracia&#8230; V. He aqu\u00ed la esclava del Se\u00f1or. R. H\u00e1gase en mi seg\u00fan tu palabra. Dios te salve, Mar\u00eda, llena eres de gracia&#8230; V. Y el Verbo se hizo carne. R. Y habit\u00f3 entre nosotros. Dios te salve, Mar\u00eda, llena eres de gracia&#8230; V. Ruega por nosotros, Santa Madre de Dios, R. Para que seamos dignos de alcanzar las promesas de nuestro Se\u00f1or Jesucristo. Te suplicamos, Se\u00f1or, que derrames tu gracia en nuestras almas para que los que, por el anuncio del \u00c1ngel, hemos conocido la encarnaci\u00f3n de tu Hijo Jesucristo, por su Pasi\u00f3n y Cruz seamos llevados a la gloria de su Resurrecci\u00f3n. Por el mismo Jesucristo Nuestro Se\u00f1or. R. Am\u00e9n. Comuni\u00f3n espiritual Creo, Jes\u00fas m\u00edo, que est\u00e1s real y verdaderamente en el cielo y en el Sant\u00edsimo Sacramento del Altar. Te amo sobre todas las cosas y deseo vivamente recibirte dentro de mi alma, pero no pudiendo hacerlo ahora sacramentalmente, ven al menos espiritualmente a mi coraz\u00f3n. Y como si ya te hubiese recibido, te abrazo y me uno del todo a Ti. Am\u00e9n &nbsp;<\/p>\n","protected":false},"author":1,"featured_media":0,"parent":0,"menu_order":0,"comment_status":"closed","ping_status":"closed","template":"","meta":{"footnotes":""},"class_list":["post-58","page","type-page","status-publish","hentry"],"_links":{"self":[{"href":"https:\/\/laantiguavicalvaro.archimadrid.es\/index.php\/wp-json\/wp\/v2\/pages\/58","targetHints":{"allow":["GET"]}}],"collection":[{"href":"https:\/\/laantiguavicalvaro.archimadrid.es\/index.php\/wp-json\/wp\/v2\/pages"}],"about":[{"href":"https:\/\/laantiguavicalvaro.archimadrid.es\/index.php\/wp-json\/wp\/v2\/types\/page"}],"author":[{"embeddable":true,"href":"https:\/\/laantiguavicalvaro.archimadrid.es\/index.php\/wp-json\/wp\/v2\/users\/1"}],"replies":[{"embeddable":true,"href":"https:\/\/laantiguavicalvaro.archimadrid.es\/index.php\/wp-json\/wp\/v2\/comments?post=58"}],"version-history":[{"count":84,"href":"https:\/\/laantiguavicalvaro.archimadrid.es\/index.php\/wp-json\/wp\/v2\/pages\/58\/revisions"}],"predecessor-version":[{"id":642,"href":"https:\/\/laantiguavicalvaro.archimadrid.es\/index.php\/wp-json\/wp\/v2\/pages\/58\/revisions\/642"}],"wp:attachment":[{"href":"https:\/\/laantiguavicalvaro.archimadrid.es\/index.php\/wp-json\/wp\/v2\/media?parent=58"}],"curies":[{"name":"wp","href":"https:\/\/api.w.org\/{rel}","templated":true}]}}