{"id":39,"date":"2019-10-15T11:17:01","date_gmt":"2019-10-15T09:17:01","guid":{"rendered":"https:\/\/laantiguavicalvaro.archimadrid.es\/?page_id=39"},"modified":"2025-10-17T11:08:34","modified_gmt":"2025-10-17T09:08:34","slug":"hermandad","status":"publish","type":"page","link":"https:\/\/laantiguavicalvaro.archimadrid.es\/index.php\/hermandad\/","title":{"rendered":"Hermandad"},"content":{"rendered":"<p>&nbsp;<\/p>\n<p style=\"font-weight: 400;\"><u><strong>HERMANDAD DE SANTA MAR\u00cdA LA ANTIGUA<\/strong><\/u><\/p>\n<p><strong>La Hermandad de Santa Mar\u00eda la Antigua (Patrona de Vic\u00e1lvaro) y del Carmen, es una Asociaci\u00f3n de Fieles cuyo fin es:<\/strong><\/p>\n<p><strong>Vivir, fomentar y animar en la Parroquia de Santa Mar\u00eda la Antigua la devoci\u00f3n a Nuestra Se\u00f1ora la Virgen Mar\u00eda, seg\u00fan las ense\u00f1anzas del Concilio Vaticano II y adaptada a la espiritualidad b\u00edblica y teol\u00f3gica de nuestro tiempo. Por esta raz\u00f3n prepara y anima la Novena y la celebraci\u00f3n de la fiesta de Santa Mar\u00eda la Antigua.<\/strong><\/p>\n<p><strong>La Hermandad, como su propio nombre indica, tiene vocaci\u00f3n universal. Por eso, m\u00e1s que buscar una acci\u00f3n concreta por s\u00ed sola, sus miembros se diseminan por la gran mayor\u00eda de los grupos de la Parroquia, dejando en todos ellos la impronta de los valores que la Virgen viv\u00eda y nos ha ense\u00f1ado a nosotros.<\/strong><\/p>\n<p><strong>Al igual que los hermanos de una familia aprenden a socorrerse cuando tienen necesidades, los miembros de la Hermandad de Santa Mar\u00eda la Antigua y del Carmen se han hecho presentes en la vida de los que necesitan y de los que se sienten hermanos. Por eso colaboramos con donativos para los pobres.<\/strong><\/p>\n<p><strong>Actualmente somos alrededor de 400 hermanos.<\/strong><\/p>\n<p><strong>Nuestra sede, esen el templo de Santa Mar\u00eda la Antigua.<\/strong><\/p>\n<p>&nbsp;<\/p>\n","protected":false},"excerpt":{"rendered":"<p>&nbsp; HERMANDAD DE SANTA MAR\u00cdA LA ANTIGUA La Hermandad de Santa Mar\u00eda la Antigua (Patrona de Vic\u00e1lvaro) y del Carmen, es una Asociaci\u00f3n de Fieles cuyo fin es: Vivir, fomentar y animar en la Parroquia de Santa Mar\u00eda la Antigua la devoci\u00f3n a Nuestra Se\u00f1ora la Virgen Mar\u00eda, seg\u00fan las ense\u00f1anzas del Concilio Vaticano II y adaptada a la espiritualidad b\u00edblica y teol\u00f3gica de nuestro tiempo. Por esta raz\u00f3n prepara y anima la Novena y la celebraci\u00f3n de la fiesta de Santa Mar\u00eda la Antigua. La Hermandad, como su propio nombre indica, tiene vocaci\u00f3n universal. Por eso, m\u00e1s que buscar una acci\u00f3n concreta por s\u00ed sola, sus miembros se diseminan por la gran mayor\u00eda de los grupos de la Parroquia, dejando en todos ellos la impronta de los valores que la Virgen viv\u00eda y nos ha ense\u00f1ado a nosotros. Al igual que los hermanos de una familia aprenden a socorrerse cuando tienen necesidades, los miembros de la Hermandad de Santa Mar\u00eda la Antigua y del Carmen se han hecho presentes en la vida de los que necesitan y de los que se sienten hermanos. Por eso colaboramos con donativos para los pobres. Actualmente somos alrededor de 400 hermanos. Nuestra sede, esen el templo de Santa Mar\u00eda la Antigua. &nbsp;<\/p>\n","protected":false},"author":1,"featured_media":0,"parent":0,"menu_order":0,"comment_status":"closed","ping_status":"closed","template":"","meta":{"footnotes":""},"class_list":["post-39","page","type-page","status-publish","hentry"],"_links":{"self":[{"href":"https:\/\/laantiguavicalvaro.archimadrid.es\/index.php\/wp-json\/wp\/v2\/pages\/39","targetHints":{"allow":["GET"]}}],"collection":[{"href":"https:\/\/laantiguavicalvaro.archimadrid.es\/index.php\/wp-json\/wp\/v2\/pages"}],"about":[{"href":"https:\/\/laantiguavicalvaro.archimadrid.es\/index.php\/wp-json\/wp\/v2\/types\/page"}],"author":[{"embeddable":true,"href":"https:\/\/laantiguavicalvaro.archimadrid.es\/index.php\/wp-json\/wp\/v2\/users\/1"}],"replies":[{"embeddable":true,"href":"https:\/\/laantiguavicalvaro.archimadrid.es\/index.php\/wp-json\/wp\/v2\/comments?post=39"}],"version-history":[{"count":6,"href":"https:\/\/laantiguavicalvaro.archimadrid.es\/index.php\/wp-json\/wp\/v2\/pages\/39\/revisions"}],"predecessor-version":[{"id":649,"href":"https:\/\/laantiguavicalvaro.archimadrid.es\/index.php\/wp-json\/wp\/v2\/pages\/39\/revisions\/649"}],"wp:attachment":[{"href":"https:\/\/laantiguavicalvaro.archimadrid.es\/index.php\/wp-json\/wp\/v2\/media?parent=39"}],"curies":[{"name":"wp","href":"https:\/\/api.w.org\/{rel}","templated":true}]}}