{"id":242,"date":"2019-11-04T13:46:51","date_gmt":"2019-11-04T11:46:51","guid":{"rendered":"https:\/\/laantiguavicalvaro.archimadrid.es\/?page_id=242"},"modified":"2022-12-14T11:43:38","modified_gmt":"2022-12-14T09:43:38","slug":"caritas","status":"publish","type":"page","link":"https:\/\/laantiguavicalvaro.archimadrid.es\/index.php\/caritas\/","title":{"rendered":"C\u00e1ritas"},"content":{"rendered":"<p><img loading=\"lazy\" decoding=\"async\" class=\" wp-image-545 aligncenter\" src=\"https:\/\/laantiguavicalvaro.archimadrid.es\/wp-content\/uploads\/2022\/12\/logo_2x_rojo_caritas.png\" alt=\"\" width=\"206\" height=\"206\" srcset=\"https:\/\/laantiguavicalvaro.archimadrid.es\/wp-content\/uploads\/2022\/12\/logo_2x_rojo_caritas.png 280w, https:\/\/laantiguavicalvaro.archimadrid.es\/wp-content\/uploads\/2022\/12\/logo_2x_rojo_caritas-150x150.png 150w, https:\/\/laantiguavicalvaro.archimadrid.es\/wp-content\/uploads\/2022\/12\/logo_2x_rojo_caritas-75x75.png 75w\" sizes=\"auto, (max-width: 206px) 100vw, 206px\" \/><\/p>\n<p>&nbsp;<\/p>\n<p><strong>C\u00e1ritas<\/strong><\/p>\n<p><strong>C\u00e1ritas es una organizaci\u00f3n de la Iglesia cat\u00f3lica extendida por todo el mundo. Su actividad se desarrolla a nivel internacional, nacional, diocesano y parroquial. La Misi\u00f3n de C\u00e1ritas Diocesana de Madrid, que se hace presente en todas las parroquias de la di\u00f3cesis, es acoger, acompa\u00f1ar y trabajar desde el compromiso de la comunidad cristiana con las personas en situaci\u00f3n de exclusi\u00f3n y riesgo social, acompa\u00f1ando e interviniendo de forma integral, para que estas sean protagonistas de su propio desarrollo integral.<\/strong><\/p>\n<p>Incluye la acci\u00f3n social, la sensibilizaci\u00f3n de la sociedad y la denuncia de las situaciones de injusticia para una transformaci\u00f3n de la sociedad.<\/p>\n<p>C\u00e1ritas es una palabra latina que significa caridad, amor. La vivencia de la caridad en la Iglesia forma parte esencial de su misi\u00f3n evangelizadora, que ha practicado a lo largo de la historia como una forma de hacer presente a Jesucristo.<\/p>\n<p>C\u00e1ritas encuentra la raz\u00f3n profunda de su existencia en esta propuesta: \u201cAmaos los unos a los otros como yo os he amado\u201d (Jn 13, 34), siendo la pr\u00e1ctica de la Iglesia como \u201ccomunidad de amor\u201d, signo y testimonio del amor de Dios en el mundo.<\/p>\n<p>C\u00e1ritas, desde hace m\u00e1s de sesenta a\u00f1os, expresa la misi\u00f3n de la Iglesia de servir a los pobres, ofrecer esperanza y posibilidades a los \u00faltimos, ser cauce del amor preferencial de Dios por los que sufren y son v\u00edctimas de las injusticias de nuestra sociedad.<\/p>\n<p>Las dimensiones de la caridad: eclesial, evangelizadora, prof\u00e9tica y universal son inherentes a C\u00e1ritas y dan sentido a su quehacer como Iglesia. La acci\u00f3n de C\u00e1ritas debe aplicar y promover los valores evang\u00e9licos y las orientaciones que la doctrina social de la Iglesia presenta para el compromiso social de los cristianos.<\/p>\n<p>C\u00e1ritas tiene que estar presente en las situaciones en que al ser humano se le niega la posibilidad de ser persona, entre los pobres y excluidos de la sociedad, al igual que Jes\u00fas de Nazaret.<\/p>\n<p>Si quieres saber m\u00e1s, puedes entrar en <a href=\"http:\/\/www.caritasmadrid.org\/\" target=\"_blank\" rel=\"noopener noreferrer\">http:\/\/www.caritasmadrid.org\/<\/a><\/p>\n<p><strong>Por lo que hace a nuestra parroquia, un grupo de voluntarios atiende todos los jueves, de 17.30 a 19.00 horas, a cuantas personas se acercan solicitando alg\u00fan tipo de ayuda. Intentamos acoger con todo cari\u00f1o, poni\u00e9ndonos a la escucha, buscando soluciones. No siempre es f\u00e1cil, y muchos casos superan nuestras posibilidades. Pero al menos intentamos acoger, comprender y ayudar a cuantos lo necesitan en nombre de la entera comunidad parroquial, \u00faltima responsable de esta labor de caridad, que ejercemos por mandato del mismo Cristo.<\/strong><\/p>\n","protected":false},"excerpt":{"rendered":"<p>&nbsp; C\u00e1ritas C\u00e1ritas es una organizaci\u00f3n de la Iglesia cat\u00f3lica extendida por todo el mundo. Su actividad se desarrolla a nivel internacional, nacional, diocesano y parroquial. La Misi\u00f3n de C\u00e1ritas Diocesana de Madrid, que se hace presente en todas las parroquias de la di\u00f3cesis, es acoger, acompa\u00f1ar y trabajar desde el compromiso de la comunidad cristiana con las personas en situaci\u00f3n de exclusi\u00f3n y riesgo social, acompa\u00f1ando e interviniendo de forma integral, para que estas sean protagonistas de su propio desarrollo integral. Incluye la acci\u00f3n social, la sensibilizaci\u00f3n de la sociedad y la denuncia de las situaciones de injusticia para una transformaci\u00f3n de la sociedad. C\u00e1ritas es una palabra latina que significa caridad, amor. La vivencia de la caridad en la Iglesia forma parte esencial de su misi\u00f3n evangelizadora, que ha practicado a lo largo de la historia como una forma de hacer presente a Jesucristo. C\u00e1ritas encuentra la raz\u00f3n profunda de su existencia en esta propuesta: \u201cAmaos los unos a los otros como yo os he amado\u201d (Jn 13, 34), siendo la pr\u00e1ctica de la Iglesia como \u201ccomunidad de amor\u201d, signo y testimonio del amor de Dios en el mundo. C\u00e1ritas, desde hace m\u00e1s de sesenta a\u00f1os, expresa la misi\u00f3n de la Iglesia de servir a los pobres, ofrecer esperanza y posibilidades a los \u00faltimos, ser cauce del amor preferencial de Dios por los que sufren y son v\u00edctimas de las injusticias de nuestra sociedad. Las dimensiones de la caridad: eclesial, evangelizadora, prof\u00e9tica y universal son inherentes a C\u00e1ritas y dan sentido a su quehacer como Iglesia. La acci\u00f3n de C\u00e1ritas debe aplicar y promover los valores evang\u00e9licos y las orientaciones que la doctrina social de la Iglesia presenta para el compromiso social de los cristianos. C\u00e1ritas tiene que estar presente en las situaciones en que al ser humano se le niega la posibilidad de ser persona, entre los pobres y excluidos de la sociedad, al igual que Jes\u00fas de Nazaret. Si quieres saber m\u00e1s, puedes entrar en http:\/\/www.caritasmadrid.org\/ Por lo que hace a nuestra parroquia, un grupo de voluntarios atiende todos los jueves, de 17.30 a 19.00 horas, a cuantas personas se acercan solicitando alg\u00fan tipo de ayuda. Intentamos acoger con todo cari\u00f1o, poni\u00e9ndonos a la escucha, buscando soluciones. No siempre es f\u00e1cil, y muchos casos superan nuestras posibilidades. Pero al menos intentamos acoger, comprender y ayudar a cuantos lo necesitan en nombre de la entera comunidad parroquial, \u00faltima responsable de esta labor de caridad, que ejercemos por mandato del mismo Cristo.<\/p>\n","protected":false},"author":3,"featured_media":0,"parent":0,"menu_order":0,"comment_status":"closed","ping_status":"closed","template":"","meta":{"footnotes":""},"class_list":["post-242","page","type-page","status-publish","hentry"],"_links":{"self":[{"href":"https:\/\/laantiguavicalvaro.archimadrid.es\/index.php\/wp-json\/wp\/v2\/pages\/242","targetHints":{"allow":["GET"]}}],"collection":[{"href":"https:\/\/laantiguavicalvaro.archimadrid.es\/index.php\/wp-json\/wp\/v2\/pages"}],"about":[{"href":"https:\/\/laantiguavicalvaro.archimadrid.es\/index.php\/wp-json\/wp\/v2\/types\/page"}],"author":[{"embeddable":true,"href":"https:\/\/laantiguavicalvaro.archimadrid.es\/index.php\/wp-json\/wp\/v2\/users\/3"}],"replies":[{"embeddable":true,"href":"https:\/\/laantiguavicalvaro.archimadrid.es\/index.php\/wp-json\/wp\/v2\/comments?post=242"}],"version-history":[{"count":6,"href":"https:\/\/laantiguavicalvaro.archimadrid.es\/index.php\/wp-json\/wp\/v2\/pages\/242\/revisions"}],"predecessor-version":[{"id":546,"href":"https:\/\/laantiguavicalvaro.archimadrid.es\/index.php\/wp-json\/wp\/v2\/pages\/242\/revisions\/546"}],"wp:attachment":[{"href":"https:\/\/laantiguavicalvaro.archimadrid.es\/index.php\/wp-json\/wp\/v2\/media?parent=242"}],"curies":[{"name":"wp","href":"https:\/\/api.w.org\/{rel}","templated":true}]}}