{"id":22,"date":"2019-10-15T11:11:39","date_gmt":"2019-10-15T09:11:39","guid":{"rendered":"https:\/\/laantiguavicalvaro.archimadrid.es\/?page_id=22"},"modified":"2026-03-13T13:32:57","modified_gmt":"2026-03-13T11:32:57","slug":"jovenes","status":"publish","type":"page","link":"https:\/\/laantiguavicalvaro.archimadrid.es\/index.php\/jovenes\/","title":{"rendered":"J\u00f3venes"},"content":{"rendered":"<p><img loading=\"lazy\" decoding=\"async\" class=\"size-medium wp-image-661 aligncenter\" src=\"https:\/\/laantiguavicalvaro.archimadrid.es\/wp-content\/uploads\/2026\/03\/GT-1-233x300.jpg\" alt=\"\" width=\"233\" height=\"300\" srcset=\"https:\/\/laantiguavicalvaro.archimadrid.es\/wp-content\/uploads\/2026\/03\/GT-1-233x300.jpg 233w, https:\/\/laantiguavicalvaro.archimadrid.es\/wp-content\/uploads\/2026\/03\/GT-1.jpg 624w\" sizes=\"auto, (max-width: 233px) 100vw, 233px\" \/><\/p>\n<p>PROYECTO PARA J\u00d3VENES.<\/p>\n<p>Nuevo proyecto en el que se realizaran cursos, talleres, ayuda al estudio, juegos, etc..<\/p>\n<p>&nbsp;<\/p>\n<p><strong>CONFIRMACI\u00d3N.<\/strong><\/p>\n<p>Si quieres recibir el sacramento de la Confirmaci\u00f3n, hay grupos en la parroquia que se est\u00e1n preparando para el sacramento. Inf\u00f3rmate en la sacrist\u00eda con los sacerdotes de la parroquia.<\/p>\n<p>&nbsp;<\/p>\n","protected":false},"excerpt":{"rendered":"<p>PROYECTO PARA J\u00d3VENES. Nuevo proyecto en el que se realizaran cursos, talleres, ayuda al estudio, juegos, etc.. &nbsp; CONFIRMACI\u00d3N. Si quieres recibir el sacramento de la Confirmaci\u00f3n, hay grupos en la parroquia que se est\u00e1n preparando para el sacramento. Inf\u00f3rmate en la sacrist\u00eda con los sacerdotes de la parroquia. &nbsp;<\/p>\n","protected":false},"author":1,"featured_media":0,"parent":0,"menu_order":0,"comment_status":"closed","ping_status":"closed","template":"","meta":{"footnotes":""},"class_list":["post-22","page","type-page","status-publish","hentry"],"_links":{"self":[{"href":"https:\/\/laantiguavicalvaro.archimadrid.es\/index.php\/wp-json\/wp\/v2\/pages\/22","targetHints":{"allow":["GET"]}}],"collection":[{"href":"https:\/\/laantiguavicalvaro.archimadrid.es\/index.php\/wp-json\/wp\/v2\/pages"}],"about":[{"href":"https:\/\/laantiguavicalvaro.archimadrid.es\/index.php\/wp-json\/wp\/v2\/types\/page"}],"author":[{"embeddable":true,"href":"https:\/\/laantiguavicalvaro.archimadrid.es\/index.php\/wp-json\/wp\/v2\/users\/1"}],"replies":[{"embeddable":true,"href":"https:\/\/laantiguavicalvaro.archimadrid.es\/index.php\/wp-json\/wp\/v2\/comments?post=22"}],"version-history":[{"count":9,"href":"https:\/\/laantiguavicalvaro.archimadrid.es\/index.php\/wp-json\/wp\/v2\/pages\/22\/revisions"}],"predecessor-version":[{"id":662,"href":"https:\/\/laantiguavicalvaro.archimadrid.es\/index.php\/wp-json\/wp\/v2\/pages\/22\/revisions\/662"}],"wp:attachment":[{"href":"https:\/\/laantiguavicalvaro.archimadrid.es\/index.php\/wp-json\/wp\/v2\/media?parent=22"}],"curies":[{"name":"wp","href":"https:\/\/api.w.org\/{rel}","templated":true}]}}