{"id":173,"date":"2019-10-16T17:37:19","date_gmt":"2019-10-16T15:37:19","guid":{"rendered":"https:\/\/laantiguavicalvaro.archimadrid.es\/?page_id=173"},"modified":"2025-10-17T11:01:08","modified_gmt":"2025-10-17T09:01:08","slug":"catequesis","status":"publish","type":"page","link":"https:\/\/laantiguavicalvaro.archimadrid.es\/index.php\/catequesis\/","title":{"rendered":"Catequesis"},"content":{"rendered":"<h3 style=\"text-align: center;\"><strong>INSCRIPCIONES A CATEQUESIS DE INFANCIA CURSO 2025\/2026<\/strong><\/h3>\n<p><img loading=\"lazy\" decoding=\"async\" class=\"size-medium wp-image-618 aligncenter\" src=\"https:\/\/laantiguavicalvaro.archimadrid.es\/wp-content\/uploads\/2024\/09\/unnamed-300x172.png\" alt=\"\" width=\"300\" height=\"172\" srcset=\"https:\/\/laantiguavicalvaro.archimadrid.es\/wp-content\/uploads\/2024\/09\/unnamed-300x172.png 300w, https:\/\/laantiguavicalvaro.archimadrid.es\/wp-content\/uploads\/2024\/09\/unnamed.png 512w\" sizes=\"auto, (max-width: 300px) 100vw, 300px\" \/><\/p>\n<p>Las inscripciones para la catequesis de infancia para el curso 25\/26 ser\u00e1n del lunes 15 de septiembre al viernes 19 en la calle Rastro 6 en horario de 18:00 a 20:00 horas.<\/p>\n<p><img loading=\"lazy\" decoding=\"async\" class=\"size-medium wp-image-619 aligncenter\" src=\"https:\/\/laantiguavicalvaro.archimadrid.es\/wp-content\/uploads\/2024\/09\/catequesis-300x300.png\" alt=\"\" width=\"300\" height=\"300\" srcset=\"https:\/\/laantiguavicalvaro.archimadrid.es\/wp-content\/uploads\/2024\/09\/catequesis-300x300.png 300w, https:\/\/laantiguavicalvaro.archimadrid.es\/wp-content\/uploads\/2024\/09\/catequesis-150x150.png 150w, https:\/\/laantiguavicalvaro.archimadrid.es\/wp-content\/uploads\/2024\/09\/catequesis-75x75.png 75w, https:\/\/laantiguavicalvaro.archimadrid.es\/wp-content\/uploads\/2024\/09\/catequesis.png 620w\" sizes=\"auto, (max-width: 300px) 100vw, 300px\" \/><\/p>\n<p>&nbsp;<\/p>\n<p><u><b><span style=\"font-family: Tahoma; font-size: large;\">G<\/span><span style=\"font-family: Tahoma; font-size: large;\">RUPO DE CATEQUESIS DE INFANCIA<\/span><\/b><\/u><\/p>\n<p>La Catequesis se impartir\u00e1 en la Catequesis Dominical, despu\u00e9s de misa de la Familia de 11 h.<\/p>\n<p>Adem\u00e1s, la catequesis de infancia incluye la asistencia obligatoria a Misa de las familias, que es a las 11:00.<\/p>\n<p>Un curso m\u00e1s da comienzo la catequesis de Iniciaci\u00f3n a la Fe en nuestra Parroquia. Unos ni\u00f1os retoman su formaci\u00f3n y otros se incorporan. Con este motivo, desde la Hoja Parroquial queremos hacernos eco compartiendo, de nuevo, la experiencia de una de las catequistas que acompa\u00f1an a nuestros ni\u00f1os:<\/p>\n<p>Hola, soy To\u00f1i. Soy catequista de esta nuestra parroquia Santa Mar\u00eda la Antigua. Este mes de Octubre empezamos una nueva andadura con los ni\u00f1os y ni\u00f1as de Catequesis.<\/p>\n<p>Este curso que comienza iremos desgranando domingo a domingo la palabra de Dios. Intentaremos explic\u00e1rsela de la mejor forma posible para que ellos puedan entenderla y llevarla a la pr\u00e1ctica. Con la ayuda de Jes\u00fas, que siempre est\u00e1 a nuestro lado, seguro que lo conseguimos.<\/p>\n<p>Doy gracias a Dios por poner en mi camino a estos ni\u00f1os y ni\u00f1as de Catequesis que hacen que mi camino de la fe sea mayor cada d\u00eda y me enriquecen y me llena de satisfacci\u00f3n.<\/p>\n<p>Me siento muy a gusto siendo parte de esta Comunidad cristiana de Santa Mar\u00eda la Antigua.<\/p>\n<p>To\u00f1i<\/p>\n<p>&nbsp;<\/p>\n<p>&nbsp;<\/p>\n","protected":false},"excerpt":{"rendered":"<p>INSCRIPCIONES A CATEQUESIS DE INFANCIA CURSO 2025\/2026 Las inscripciones para la catequesis de infancia para el curso 25\/26 ser\u00e1n del lunes 15 de septiembre al viernes 19 en la calle Rastro 6 en horario de 18:00 a 20:00 horas. &nbsp; GRUPO DE CATEQUESIS DE INFANCIA La Catequesis se impartir\u00e1 en la Catequesis Dominical, despu\u00e9s de misa de la Familia de 11 h. Adem\u00e1s, la catequesis de infancia incluye la asistencia obligatoria a Misa de las familias, que es a las 11:00. Un curso m\u00e1s da comienzo la catequesis de Iniciaci\u00f3n a la Fe en nuestra Parroquia. Unos ni\u00f1os retoman su formaci\u00f3n y otros se incorporan. Con este motivo, desde la Hoja Parroquial queremos hacernos eco compartiendo, de nuevo, la experiencia de una de las catequistas que acompa\u00f1an a nuestros ni\u00f1os: Hola, soy To\u00f1i. Soy catequista de esta nuestra parroquia Santa Mar\u00eda la Antigua. Este mes de Octubre empezamos una nueva andadura con los ni\u00f1os y ni\u00f1as de Catequesis. Este curso que comienza iremos desgranando domingo a domingo la palabra de Dios. Intentaremos explic\u00e1rsela de la mejor forma posible para que ellos puedan entenderla y llevarla a la pr\u00e1ctica. Con la ayuda de Jes\u00fas, que siempre est\u00e1 a nuestro lado, seguro que lo conseguimos. Doy gracias a Dios por poner en mi camino a estos ni\u00f1os y ni\u00f1as de Catequesis que hacen que mi camino de la fe sea mayor cada d\u00eda y me enriquecen y me llena de satisfacci\u00f3n. Me siento muy a gusto siendo parte de esta Comunidad cristiana de Santa Mar\u00eda la Antigua. To\u00f1i &nbsp; &nbsp;<\/p>\n","protected":false},"author":3,"featured_media":0,"parent":0,"menu_order":0,"comment_status":"closed","ping_status":"closed","template":"","meta":{"footnotes":""},"class_list":["post-173","page","type-page","status-publish","hentry"],"_links":{"self":[{"href":"https:\/\/laantiguavicalvaro.archimadrid.es\/index.php\/wp-json\/wp\/v2\/pages\/173","targetHints":{"allow":["GET"]}}],"collection":[{"href":"https:\/\/laantiguavicalvaro.archimadrid.es\/index.php\/wp-json\/wp\/v2\/pages"}],"about":[{"href":"https:\/\/laantiguavicalvaro.archimadrid.es\/index.php\/wp-json\/wp\/v2\/types\/page"}],"author":[{"embeddable":true,"href":"https:\/\/laantiguavicalvaro.archimadrid.es\/index.php\/wp-json\/wp\/v2\/users\/3"}],"replies":[{"embeddable":true,"href":"https:\/\/laantiguavicalvaro.archimadrid.es\/index.php\/wp-json\/wp\/v2\/comments?post=173"}],"version-history":[{"count":15,"href":"https:\/\/laantiguavicalvaro.archimadrid.es\/index.php\/wp-json\/wp\/v2\/pages\/173\/revisions"}],"predecessor-version":[{"id":646,"href":"https:\/\/laantiguavicalvaro.archimadrid.es\/index.php\/wp-json\/wp\/v2\/pages\/173\/revisions\/646"}],"wp:attachment":[{"href":"https:\/\/laantiguavicalvaro.archimadrid.es\/index.php\/wp-json\/wp\/v2\/media?parent=173"}],"curies":[{"name":"wp","href":"https:\/\/api.w.org\/{rel}","templated":true}]}}