{"id":17,"date":"2019-10-15T11:11:39","date_gmt":"2019-10-15T09:11:39","guid":{"rendered":"https:\/\/laantiguavicalvaro.archimadrid.es\/?page_id=17"},"modified":"2022-12-14T12:07:58","modified_gmt":"2022-12-14T10:07:58","slug":"congregaciones-religiosas","status":"publish","type":"page","link":"https:\/\/laantiguavicalvaro.archimadrid.es\/index.php\/congregaciones-religiosas\/","title":{"rendered":"Congregaciones religiosas"},"content":{"rendered":"<p>&nbsp;<\/p>\n<p style=\"font-weight: 400; text-align: left;\">\n<h3 style=\"text-align: center;\"><strong>MISIONERAS DE LA PROVIDENCIA\u00a0 <img loading=\"lazy\" decoding=\"async\" class=\"wp-image-85 alignleft\" src=\"https:\/\/laantiguavicalvaro.archimadrid.es\/wp-content\/uploads\/2019\/10\/misioneras_providencia.gif\" alt=\"\" width=\"151\" height=\"188\" \/><\/strong><\/h3>\n<p style=\"font-weight: 400; text-align: left;\"><strong>HISTORIA<\/strong><\/p>\n<p style=\"text-align: left;\">La historia de nuestra Congregaci\u00f3n de Misioneras de la Providencia es la historia de una peque\u00f1a semilla.<br \/>\nDios, el\u00a0buen Sembrador, puso un d\u00eda en el coraz\u00f3n de D. Joaqu\u00edn Alonso Hern\u00e1ndez, nuestro Fundador, un deseo grande de amor, de ayuda, de acogida y comprensi\u00f3n hacia todas las personas necesitadas, sobre todo, ni\u00f1os y j\u00f3venes. \u00c9l, como Capell\u00e1n de la prisi\u00f3n de Salamanca durante algunos a\u00f1os,\u00a0escuch\u00f3 por boca de muchos presos, sus tristes y duras historias; historias de una infancia infeliz, sin cari\u00f1o, sin comprensi\u00f3n, sin educaci\u00f3n. Quiz\u00e1 nadie les dijo nunca que ten\u00edan un Padre que les amaba por encima de todo. quiz\u00e1 nadie camin\u00f3 a su lado, nadie escuch\u00f3 sus problemas y por eso cayeron en un pozo sin fondo.<\/p>\n<p style=\"text-align: left;\">El Padre Joaqu\u00edn vio ah\u00ed la necesidad de la educaci\u00f3n en unos valores humanos, cristianos y religiosos. Dios se sirve de todas las circunstancias vividas para sembrar en su coraz\u00f3n una nueva inquietud:\u00a0<em>extender el mensaje del Amor y la Providencia de Dios Padre a este mundo tan necesitado de esperanza. Proclamar con la vida que \u00abel secreto de la felicidad es la confianza en Dios\u00bb.<\/em><\/p>\n<p style=\"text-align: left;\">As\u00ed naci\u00f3 esta Congregaci\u00f3n, un dos de febrero de 1953.<\/p>\n<p style=\"text-align: left;\">Su nombre:\u00a0<em>Misioneras de la Providencia.<\/em><br \/>\nSu lema: \u00ab<em>Vivir de Dios para darse a los dem\u00e1s\u00bb.<br \/>\n<\/em>Su carisma:\u00a0<em>La confianza ilimitada en el amor y Providencia de Dios.<br \/>\n<\/em>Centro y Gu\u00eda de la Congregaci\u00f3n:\u00a0<em>La Sant\u00edsima Virgen.<\/em><\/p>\n<p style=\"text-align: left;\">El apostolado de las Misioneras de la Providencia es tan amplio como amplia y universal es la caridad: ense\u00f1anza, residencias,misiones, labor pastoral en Parroquias&#8230;<\/p>\n<p style=\"text-align: left;\">Las Hermanas Misioneras de la Providencia, siguiendo el testimonio de nuestro Fundador, queremos continuar siendo en este tiempo mensajeras de la Providencia de Dios.<\/p>\n<h3 style=\"text-align: left;\">** NUESTRO FUNDADOR<\/h3>\n<p style=\"text-align: left;\"><img loading=\"lazy\" decoding=\"async\" class=\"alignnone size-full wp-image-83\" src=\"https:\/\/laantiguavicalvaro.archimadrid.es\/wp-content\/uploads\/2019\/10\/280_0_1664550_15939.gif\" alt=\"\" width=\"150\" height=\"164\" \/><\/p>\n<p style=\"text-align: left;\">JOAQU\u00cdN ALONSO HERN\u00c1NDEZ (1905-1966)<\/p>\n<p style=\"text-align: left;\"><strong>UN SEMBRADOR DE ESPERANZA<\/strong><\/p>\n<p style=\"text-align: left;\">La profunda sensibilidad humana que anidaba en el coraz\u00f3n de este hombre generoso, bueno y servicial, le llev\u00f3 a entregarse sin medida por el bien de todos los hombres que con \u00e9l vivieron. Fueron los j\u00f3venes y los m\u00e1s necesitados en bienes materiales, o en riquezas morales y espirituales, los que m\u00e1s llamaron a las puertas de su coraz\u00f3n. Era para los dem\u00e1s un modelo de servicio, un reclamo de virtud, una fuente de consuelo y de luz, al m\u00e1s puro estilo evang\u00e9lico.<\/p>\n<p style=\"text-align: left;\">Su sacerdocio impregn\u00f3 toda su vida de forma desbordante. Comprendi\u00f3 que el apostolado mejor<\/p>\n<p style=\"text-align: left;\">era iluminar la conciencia de los hombres, pobres o ricos, ni\u00f1os o mayores, trabajadores de cualquier oficio. Y se entreg\u00f3 a la tarea desprovisto del m\u00e1s m\u00ednimo inter\u00e9s personal.<br \/>\nSereno, paciente, piadoso, amante del recogimiento, de la mortificaci\u00f3n, que practicaba en las cosas m\u00e1s peque\u00f1as, supo unir la delicadeza y la energ\u00eda, la exigencia y la comprensi\u00f3n.<\/p>\n<p style=\"text-align: left;\">Su capacidad intelectual era enorme: facilidad de ideas, fina intuici\u00f3n, dotes de observaci\u00f3n, gran sentido pr\u00e1ctico, amplia cultura. Pero su fuerza espiritual era mayor. Ella era la que alimentaba la llama de su sensibilidad apost\u00f3lica, su amor a las almas y su necesidad de intimidad con Dios.<\/p>\n<p style=\"text-align: left;\">Fue su confianza en la Providencia lo que m\u00e1s resalt\u00f3 en su vida apost\u00f3lica y educadora. Y culminaci\u00f3n de su apostolado sacerdotal fue la Congregaci\u00f3n de las \u201cMisioneras de la Providencia\u201d, que fue organizando poco a poco para que continuaran sus afanes de mensajero. Esa fue su tarea preferida y el centro de sus desvelos. Con ilusi\u00f3n y profundidad hizo a sus religiosas educadoras, catequistas, evangelizadoras, es decir, sembradoras del amor de Dios Padre y de la Providencia, que cuida de las flores y de los p\u00e1jaros del campo<\/p>\n<p style=\"text-align: left;\">\n","protected":false},"excerpt":{"rendered":"<p>&nbsp; MISIONERAS DE LA PROVIDENCIA\u00a0 HISTORIA La historia de nuestra Congregaci\u00f3n de Misioneras de la Providencia es la historia de una peque\u00f1a semilla. Dios, el\u00a0buen Sembrador, puso un d\u00eda en el coraz\u00f3n de D. Joaqu\u00edn Alonso Hern\u00e1ndez, nuestro Fundador, un deseo grande de amor, de ayuda, de acogida y comprensi\u00f3n hacia todas las personas necesitadas, sobre todo, ni\u00f1os y j\u00f3venes. \u00c9l, como Capell\u00e1n de la prisi\u00f3n de Salamanca durante algunos a\u00f1os,\u00a0escuch\u00f3 por boca de muchos presos, sus tristes y duras historias; historias de una infancia infeliz, sin cari\u00f1o, sin comprensi\u00f3n, sin educaci\u00f3n. Quiz\u00e1 nadie les dijo nunca que ten\u00edan un Padre que les amaba por encima de todo. quiz\u00e1 nadie camin\u00f3 a su lado, nadie escuch\u00f3 sus problemas y por eso cayeron en un pozo sin fondo. El Padre Joaqu\u00edn vio ah\u00ed la necesidad de la educaci\u00f3n en unos valores humanos, cristianos y religiosos. Dios se sirve de todas las circunstancias vividas para sembrar en su coraz\u00f3n una nueva inquietud:\u00a0extender el mensaje del Amor y la Providencia de Dios Padre a este mundo tan necesitado de esperanza. Proclamar con la vida que \u00abel secreto de la felicidad es la confianza en Dios\u00bb. As\u00ed naci\u00f3 esta Congregaci\u00f3n, un dos de febrero de 1953. Su nombre:\u00a0Misioneras de la Providencia. Su lema: \u00abVivir de Dios para darse a los dem\u00e1s\u00bb. Su carisma:\u00a0La confianza ilimitada en el amor y Providencia de Dios. Centro y Gu\u00eda de la Congregaci\u00f3n:\u00a0La Sant\u00edsima Virgen. El apostolado de las Misioneras de la Providencia es tan amplio como amplia y universal es la caridad: ense\u00f1anza, residencias,misiones, labor pastoral en Parroquias&#8230; Las Hermanas Misioneras de la Providencia, siguiendo el testimonio de nuestro Fundador, queremos continuar siendo en este tiempo mensajeras de la Providencia de Dios. ** NUESTRO FUNDADOR JOAQU\u00cdN ALONSO HERN\u00c1NDEZ (1905-1966) UN SEMBRADOR DE ESPERANZA La profunda sensibilidad humana que anidaba en el coraz\u00f3n de este hombre generoso, bueno y servicial, le llev\u00f3 a entregarse sin medida por el bien de todos los hombres que con \u00e9l vivieron. Fueron los j\u00f3venes y los m\u00e1s necesitados en bienes materiales, o en riquezas morales y espirituales, los que m\u00e1s llamaron a las puertas de su coraz\u00f3n. Era para los dem\u00e1s un modelo de servicio, un reclamo de virtud, una fuente de consuelo y de luz, al m\u00e1s puro estilo evang\u00e9lico. Su sacerdocio impregn\u00f3 toda su vida de forma desbordante. Comprendi\u00f3 que el apostolado mejor era iluminar la conciencia de los hombres, pobres o ricos, ni\u00f1os o mayores, trabajadores de cualquier oficio. Y se entreg\u00f3 a la tarea desprovisto del m\u00e1s m\u00ednimo inter\u00e9s personal. Sereno, paciente, piadoso, amante del recogimiento, de la mortificaci\u00f3n, que practicaba en las cosas m\u00e1s peque\u00f1as, supo unir la delicadeza y la energ\u00eda, la exigencia y la comprensi\u00f3n. Su capacidad intelectual era enorme: facilidad de ideas, fina intuici\u00f3n, dotes de observaci\u00f3n, gran sentido pr\u00e1ctico, amplia cultura. Pero su fuerza espiritual era mayor. Ella era la que alimentaba la llama de su sensibilidad apost\u00f3lica, su amor a las almas y su necesidad de intimidad con Dios. Fue su confianza en la Providencia lo que m\u00e1s resalt\u00f3 en su vida apost\u00f3lica y educadora. Y culminaci\u00f3n de su apostolado sacerdotal fue la Congregaci\u00f3n de las \u201cMisioneras de la Providencia\u201d, que fue organizando poco a poco para que continuaran sus afanes de mensajero. Esa fue su tarea preferida y el centro de sus desvelos. Con ilusi\u00f3n y profundidad hizo a sus religiosas educadoras, catequistas, evangelizadoras, es decir, sembradoras del amor de Dios Padre y de la Providencia, que cuida de las flores y de los p\u00e1jaros del campo<\/p>\n","protected":false},"author":1,"featured_media":0,"parent":0,"menu_order":0,"comment_status":"closed","ping_status":"closed","template":"","meta":{"footnotes":""},"class_list":["post-17","page","type-page","status-publish","hentry"],"_links":{"self":[{"href":"https:\/\/laantiguavicalvaro.archimadrid.es\/index.php\/wp-json\/wp\/v2\/pages\/17","targetHints":{"allow":["GET"]}}],"collection":[{"href":"https:\/\/laantiguavicalvaro.archimadrid.es\/index.php\/wp-json\/wp\/v2\/pages"}],"about":[{"href":"https:\/\/laantiguavicalvaro.archimadrid.es\/index.php\/wp-json\/wp\/v2\/types\/page"}],"author":[{"embeddable":true,"href":"https:\/\/laantiguavicalvaro.archimadrid.es\/index.php\/wp-json\/wp\/v2\/users\/1"}],"replies":[{"embeddable":true,"href":"https:\/\/laantiguavicalvaro.archimadrid.es\/index.php\/wp-json\/wp\/v2\/comments?post=17"}],"version-history":[{"count":18,"href":"https:\/\/laantiguavicalvaro.archimadrid.es\/index.php\/wp-json\/wp\/v2\/pages\/17\/revisions"}],"predecessor-version":[{"id":548,"href":"https:\/\/laantiguavicalvaro.archimadrid.es\/index.php\/wp-json\/wp\/v2\/pages\/17\/revisions\/548"}],"wp:attachment":[{"href":"https:\/\/laantiguavicalvaro.archimadrid.es\/index.php\/wp-json\/wp\/v2\/media?parent=17"}],"curies":[{"name":"wp","href":"https:\/\/api.w.org\/{rel}","templated":true}]}}