{"id":162,"date":"2019-10-16T17:22:46","date_gmt":"2019-10-16T15:22:46","guid":{"rendered":"https:\/\/laantiguavicalvaro.archimadrid.es\/?page_id=162"},"modified":"2025-12-17T11:05:16","modified_gmt":"2025-12-17T09:05:16","slug":"bautismo","status":"publish","type":"page","link":"https:\/\/laantiguavicalvaro.archimadrid.es\/index.php\/bautismo\/","title":{"rendered":"Bautismo \/ Matrimonios"},"content":{"rendered":"<h3 style=\"text-align: center;\"><strong>BAUTIZOS 2026<\/strong><\/h3>\n<table style=\"height: 1014px;\" width=\"543\">\n<tbody>\n<tr>\n<td rowspan=\"2\" width=\"110\">&nbsp;<\/p>\n<p><strong>Mes<\/strong><\/td>\n<td rowspan=\"2\" width=\"148\"><strong>Acogida y preparaci\u00f3n<\/strong><\/td>\n<td colspan=\"2\" width=\"170\"><strong>Bautizos.<\/strong><\/td>\n<\/tr>\n<tr>\n<td width=\"76\">\n<p style=\"text-align: center;\"><strong>S<\/strong><strong>\u00e1bado<\/strong><\/p>\n<\/td>\n<td width=\"94\">\n<p style=\"text-align: center;\"><strong>Domingo<\/strong><\/p>\n<\/td>\n<\/tr>\n<tr>\n<td width=\"110\">&nbsp;<\/p>\n<p><strong>Enero<\/strong><\/td>\n<td width=\"148\"><\/td>\n<td width=\"76\"><\/td>\n<td width=\"94\"><\/td>\n<\/tr>\n<tr>\n<td width=\"110\"><strong>F<\/strong><strong>e<\/strong><strong>br<\/strong><strong>er<\/strong><strong>o<\/strong><\/td>\n<td width=\"148\"><strong>M<\/strong><strong>i<\/strong><strong>\u00e9rcoles <\/strong><strong>11 <\/strong><strong>(1<\/strong><strong>9 h.)<\/strong><\/td>\n<td width=\"76\"><strong>14 <\/strong><strong>(<\/strong><strong>1<\/strong><strong>8 h.)<\/strong><\/td>\n<td width=\"94\"><\/td>\n<\/tr>\n<tr>\n<td width=\"110\"><strong>M<\/strong><strong>arzo<\/strong><\/td>\n<td width=\"148\"><\/td>\n<td width=\"76\"><\/td>\n<td width=\"94\"><\/td>\n<\/tr>\n<tr>\n<td width=\"110\">&nbsp;<\/p>\n<p><strong>Abril<\/strong><\/td>\n<td width=\"148\">&nbsp;<\/p>\n<p><strong>S<\/strong><strong>\u00e1bado 18 <\/strong><strong>(<\/strong><strong>1<\/strong><strong>8 h.)<\/strong><\/td>\n<td width=\"76\"><\/td>\n<td width=\"94\">&nbsp;<\/p>\n<p><strong>19 <\/strong><strong>(18 h.)<\/strong><\/td>\n<\/tr>\n<tr>\n<td width=\"110\"><strong>M<\/strong><strong>ayo<\/strong><\/td>\n<td width=\"148\"><strong>M<\/strong><strong>i\u00e9rcoles 6 <\/strong><strong>(1<\/strong><strong>9 h.)<\/strong><\/td>\n<td width=\"76\"><strong>9 <\/strong><strong>(18 h.)<\/strong><\/td>\n<td width=\"94\"><\/td>\n<\/tr>\n<tr>\n<td width=\"110\"><strong>Junio<\/strong><\/td>\n<td width=\"148\"><strong>S<\/strong><strong>\u00e1bado 20 <\/strong><strong>(<\/strong><strong>1<\/strong><strong>8 h.)<\/strong><\/td>\n<td width=\"76\"><\/td>\n<td width=\"94\"><strong>21 <\/strong><strong>(18 h.)<\/strong><\/td>\n<\/tr>\n<tr>\n<td width=\"110\">&nbsp;<\/p>\n<p><strong>Julio<\/strong><\/td>\n<td width=\"148\">&nbsp;<\/p>\n<p><strong>M<\/strong><strong>i<\/strong><strong>\u00e9rcoles <\/strong><strong>15 <\/strong><strong>(1<\/strong><strong>9 h.)<\/strong><\/td>\n<td width=\"76\">&nbsp;<\/p>\n<p><strong>18 <\/strong><strong>(18 h.)<\/strong><\/td>\n<td width=\"94\"><\/td>\n<\/tr>\n<tr>\n<td width=\"110\"><strong>Agosto<\/strong><\/td>\n<td width=\"148\"><\/td>\n<td width=\"76\"><\/td>\n<td width=\"94\"><\/td>\n<\/tr>\n<tr>\n<td width=\"110\"><strong>S<\/strong><strong>e<\/strong><strong>p<\/strong><strong>tiembre<\/strong><\/td>\n<td width=\"148\"><strong>S<\/strong><strong>\u00e1bado 26 <\/strong><strong>(<\/strong><strong>1<\/strong><strong>8 h.)<\/strong><\/td>\n<td width=\"76\"><\/td>\n<td width=\"94\"><strong>27 <\/strong><strong>(13 h.)*<\/strong><\/td>\n<\/tr>\n<tr>\n<td width=\"110\"><strong>Octubre<\/strong><\/td>\n<td width=\"148\"><strong>S<\/strong><strong>\u00e1bado 17 <\/strong><strong>(<\/strong><strong>1<\/strong><strong>8 h.)<\/strong><\/td>\n<td width=\"76\"><\/td>\n<td width=\"94\"><strong>18 <\/strong><strong>(18 h.)<\/strong><\/td>\n<\/tr>\n<tr>\n<td width=\"110\"><strong>Noviembre<\/strong><\/td>\n<td width=\"148\"><strong>M<\/strong><strong>i<\/strong><strong>\u00e9rcoles <\/strong><strong>11 <\/strong><strong>(1<\/strong><strong>9 h.)<\/strong><\/td>\n<td width=\"76\"><strong>14 <\/strong><strong>(18 h.)<\/strong><\/td>\n<td width=\"94\"><\/td>\n<\/tr>\n<tr>\n<td width=\"110\"><strong>Diciembre<\/strong><\/td>\n<td width=\"148\"><strong>S<\/strong><strong>\u00e1bado 12 <\/strong><strong>(<\/strong><strong>1<\/strong><strong>8 h.)<\/strong><\/td>\n<td width=\"76\"><\/td>\n<td width=\"94\"><strong>13 <\/strong><strong>(18 h.)<\/strong><\/td>\n<\/tr>\n<\/tbody>\n<\/table>\n<p><strong>Notas:<\/strong><\/p>\n<p><strong>1<\/strong><strong>\u00ba Se aceptar\u00e1n ni\u00f1os <u>hasta los 6 a\u00f1os<\/u>, los que tengan m\u00e1s esperar\u00e1n a catequesis.<\/strong><\/p>\n<p><strong>2<\/strong><strong>\u00ba Si los padres no son del territorio parroquial hay que darles la <u>carta-saludo<\/u> para el cura de la parroquia a la que pertenecen.<\/strong><\/p>\n<p><strong>3<\/strong><strong>\u00ba N\u00famero m\u00e1ximo de ni\u00f1os por tanda es de <u>cinco<\/u>. *El domingo 27 de septiembre por ser en misa solo pueden ser cuatro (4) ni\u00f1os.<\/strong><\/p>\n<p><strong>4<\/strong><strong>\u00ba Los padrinos deben aportar su partida de bautismo.<\/strong><\/p>\n<p>&nbsp;<\/p>\n<p><u><strong>PARA SOLICITAR EL BAUTISMO PRIMERO HAY QUE INSCRIBIRSE EN EL DESPACHO PARROQUIAL.<\/strong><\/u><\/p>\n<p><u><strong>SE RECOMIENDA IR CON ALG\u00daN MES DE ANTELACI\u00d3N\u00a0 A LA FECHA DESEADA, PUES EL CUPO POR MES ES LIMITADO.<\/strong><\/u><\/p>\n<p style=\"text-align: left;\">\u201c\u201cId y haced disc\u00edpulos de todos los pueblos, bautiz\u00e1ndolos en el nombre del Padre y del Hijo y del Esp\u00edritu Santo; y ense\u00f1\u00e1ndoles a guardar todo lo que os he mandado. Y sabed que yo estoy con vosotros todos los d\u00edas, hasta el fin del mundo.\u00bb (Mateo 28, 19-20)<\/p>\n<p>Nuestro grupo pretende crear momentos de acogida y reflexi\u00f3n. Constatamos que para muchos de los padres que solicitan el Bautismo en nuestra Parroquia, es justamente esa experiencia de ser transmisores de la vida, algo cargado de ilusiones, esperanzas, temores y riesgos lo que les acerca a su propia fe y al valor que esta tiene en sus vidas, ya antes de nacer sus hijos les acercan a ese Dios al que identificamos como \u00abPadre nuestro\u00bb.<\/p>\n<p>Tratamos de lograr un di\u00e1logo que nos sirva a todos para clarificar qu\u00e9 es \u00abSer Cristiano con un m\u00ednimo de coherencia\u00bb, tomar conciencia de c\u00f3mo nos sirve esa fe en el vertiginoso d\u00eda a d\u00eda y comprender que es un tesoro que crece al compartirlo, un bien que el amor a nuestros hijos nos obliga a ofrec\u00e9rselo y que es en la gran familia que es la Iglesia donde siempre encontraremos a hermanos con los que disfrutar y trabajar por un mundo realmente m\u00e1s fraterno, convencidos de que avanzando en el conocimiento y el encuentro con el Dios que se hace presente en Jes\u00fas, en la Escritura y en la humanidad, seremos capaces de encontrar el sentido a nuestra existencia, a la historia y a la complicada realidad que nos rodea.<\/p>\n<p>Tratamos de animar a asumir la maravillosa y compleja tarea de colaborar en la construcci\u00f3n de buenas personas que tengan en sus fundamentos a ese Dios hecho Hombre que nos quiere libres y plenos aceptando incluso que le demos la espalda.<br \/>\nHay que darles ra\u00edces que les permitan volar y confiar en que ese vuelo les acabe trayendo a casa. Es algo que vemos en muchos de los que nos ofrecen momentos de Vida.<\/p>\n<p>Dios quiera que seamos capaces de serviros, a nosotros nos enriquec\u00e9is y mucho. \u00a1\u00a1Gracias!!<br \/>\n\u00ab&#8230;el que beba del agua que yo le dar\u00e9, nunca m\u00e1s tendr\u00e1 sed: el agua que yo le dar\u00e9 se convertir\u00e1 dentro de \u00e9l en un surtidor de agua que salta hasta la vida eterna.\u00bb (Juan 4, 13-14)<\/p>\n<p>Grupo de BAUTIZOS<\/p>\n<p>&nbsp;<\/p>\n<h3 style=\"text-align: center;\">MATRIMONIOS<\/h3>\n<p><strong>2026<\/strong><\/p>\n<p>En el a\u00f1o 2026, los cursillos prematrimoniales, se impartir\u00e1n en la parroquia Santa Teresa de Calcuta<\/p>\n<p>Las fechas son. 14 y 15 de febrero, 13 y 14 de junio y 10 y 11 de octubre<\/p>\n<p>Inscripciones:<br \/>\nPersonalmente: durante el horario de despacho parroquial en Santa Teresa de Calcuta.<br \/>\nMi\u00e9rcoles de 20.00 a 21.00 h.<br \/>\nCalle Minerva 58, 28032 Madrid<\/p>\n<p>Por e-mail:<br \/>\nparr.santateresadecalcuta@gmail.com<br \/>\n&#8211; Nombre y apellidos de los contrayentes.<br \/>\n&#8211; Tel\u00e9fono de ambos contrayentes.<br \/>\n&#8211; Lugar y fecha de la boda.<br \/>\nLa inscripci\u00f3n ser\u00e1 confirmada con una respuesta de la solicitud.<\/p>\n<p>Si quer\u00e9is casaros en esta iglesia, pinchad aqu\u00ed para obtener mayor informaci\u00f3n <a href=\"https:\/\/archimadrid-my.sharepoint.com\/:b:\/g\/personal\/lorenzobarrancojimenez_archidiocesis_madrid\/EbOkqa0Rwr9AvQkzAkxUb2kBztxUZrEilPhzN53-bmyC4g?e=gWLl2a\" target=\"_blank\" rel=\"noopener\">&#8211;&gt;AQUI<\/a><\/p>\n<p>&nbsp;<\/p>\n","protected":false},"excerpt":{"rendered":"<p>BAUTIZOS 2026 &nbsp; Mes Acogida y preparaci\u00f3n Bautizos. S\u00e1bado Domingo &nbsp; Enero Febrero Mi\u00e9rcoles 11 (19 h.) 14 (18 h.) Marzo &nbsp; Abril &nbsp; S\u00e1bado 18 (18 h.) &nbsp; 19 (18 h.) Mayo Mi\u00e9rcoles 6 (19 h.) 9 (18 h.) Junio S\u00e1bado 20 (18 h.) 21 (18 h.) &nbsp; Julio &nbsp; Mi\u00e9rcoles 15 (19 h.) &nbsp; 18 (18 h.) Agosto Septiembre S\u00e1bado 26 (18 h.) 27 (13 h.)* Octubre S\u00e1bado 17 (18 h.) 18 (18 h.) Noviembre Mi\u00e9rcoles 11 (19 h.) 14 (18 h.) Diciembre S\u00e1bado 12 (18 h.) 13 (18 h.) Notas: 1\u00ba Se aceptar\u00e1n ni\u00f1os hasta los 6 a\u00f1os, los que tengan m\u00e1s esperar\u00e1n a catequesis. 2\u00ba Si los padres no son del territorio parroquial hay que darles la carta-saludo para el cura de la parroquia a la que pertenecen. 3\u00ba N\u00famero m\u00e1ximo de ni\u00f1os por tanda es de cinco. *El domingo 27 de septiembre por ser en misa solo pueden ser cuatro (4) ni\u00f1os. 4\u00ba Los padrinos deben aportar su partida de bautismo. &nbsp; PARA SOLICITAR EL BAUTISMO PRIMERO HAY QUE INSCRIBIRSE EN EL DESPACHO PARROQUIAL. SE RECOMIENDA IR CON ALG\u00daN MES DE ANTELACI\u00d3N\u00a0 A LA FECHA DESEADA, PUES EL CUPO POR MES ES LIMITADO. \u201c\u201cId y haced disc\u00edpulos de todos los pueblos, bautiz\u00e1ndolos en el nombre del Padre y del Hijo y del Esp\u00edritu Santo; y ense\u00f1\u00e1ndoles a guardar todo lo que os he mandado. Y sabed que yo estoy con vosotros todos los d\u00edas, hasta el fin del mundo.\u00bb (Mateo 28, 19-20) Nuestro grupo pretende crear momentos de acogida y reflexi\u00f3n. Constatamos que para muchos de los padres que solicitan el Bautismo en nuestra Parroquia, es justamente esa experiencia de ser transmisores de la vida, algo cargado de ilusiones, esperanzas, temores y riesgos lo que les acerca a su propia fe y al valor que esta tiene en sus vidas, ya antes de nacer sus hijos les acercan a ese Dios al que identificamos como \u00abPadre nuestro\u00bb. Tratamos de lograr un di\u00e1logo que nos sirva a todos para clarificar qu\u00e9 es \u00abSer Cristiano con un m\u00ednimo de coherencia\u00bb, tomar conciencia de c\u00f3mo nos sirve esa fe en el vertiginoso d\u00eda a d\u00eda y comprender que es un tesoro que crece al compartirlo, un bien que el amor a nuestros hijos nos obliga a ofrec\u00e9rselo y que es en la gran familia que es la Iglesia donde siempre encontraremos a hermanos con los que disfrutar y trabajar por un mundo realmente m\u00e1s fraterno, convencidos de que avanzando en el conocimiento y el encuentro con el Dios que se hace presente en Jes\u00fas, en la Escritura y en la humanidad, seremos capaces de encontrar el sentido a nuestra existencia, a la historia y a la complicada realidad que nos rodea. Tratamos de animar a asumir la maravillosa y compleja tarea de colaborar en la construcci\u00f3n de buenas personas que tengan en sus fundamentos a ese Dios hecho Hombre que nos quiere libres y plenos aceptando incluso que le demos la espalda. Hay que darles ra\u00edces que les permitan volar y confiar en que ese vuelo les acabe trayendo a casa. Es algo que vemos en muchos de los que nos ofrecen momentos de Vida. Dios quiera que seamos capaces de serviros, a nosotros nos enriquec\u00e9is y mucho. \u00a1\u00a1Gracias!! \u00ab&#8230;el que beba del agua que yo le dar\u00e9, nunca m\u00e1s tendr\u00e1 sed: el agua que yo le dar\u00e9 se convertir\u00e1 dentro de \u00e9l en un surtidor de agua que salta hasta la vida eterna.\u00bb (Juan 4, 13-14) Grupo de BAUTIZOS &nbsp; MATRIMONIOS 2026 En el a\u00f1o 2026, los cursillos prematrimoniales, se impartir\u00e1n en la parroquia Santa Teresa de Calcuta Las fechas son. 14 y 15 de febrero, 13 y 14 de junio y 10 y 11 de octubre Inscripciones: Personalmente: durante el horario de despacho parroquial en Santa Teresa de Calcuta. Mi\u00e9rcoles de 20.00 a 21.00 h. Calle Minerva 58, 28032 Madrid Por e-mail: parr.santateresadecalcuta@gmail.com &#8211; Nombre y apellidos de los contrayentes. &#8211; Tel\u00e9fono de ambos contrayentes. &#8211; Lugar y fecha de la boda. La inscripci\u00f3n ser\u00e1 confirmada con una respuesta de la solicitud. Si quer\u00e9is casaros en esta iglesia, pinchad aqu\u00ed para obtener mayor informaci\u00f3n &#8211;&gt;AQUI &nbsp;<\/p>\n","protected":false},"author":3,"featured_media":0,"parent":0,"menu_order":0,"comment_status":"closed","ping_status":"closed","template":"","meta":{"footnotes":""},"class_list":["post-162","page","type-page","status-publish","hentry"],"_links":{"self":[{"href":"https:\/\/laantiguavicalvaro.archimadrid.es\/index.php\/wp-json\/wp\/v2\/pages\/162","targetHints":{"allow":["GET"]}}],"collection":[{"href":"https:\/\/laantiguavicalvaro.archimadrid.es\/index.php\/wp-json\/wp\/v2\/pages"}],"about":[{"href":"https:\/\/laantiguavicalvaro.archimadrid.es\/index.php\/wp-json\/wp\/v2\/types\/page"}],"author":[{"embeddable":true,"href":"https:\/\/laantiguavicalvaro.archimadrid.es\/index.php\/wp-json\/wp\/v2\/users\/3"}],"replies":[{"embeddable":true,"href":"https:\/\/laantiguavicalvaro.archimadrid.es\/index.php\/wp-json\/wp\/v2\/comments?post=162"}],"version-history":[{"count":23,"href":"https:\/\/laantiguavicalvaro.archimadrid.es\/index.php\/wp-json\/wp\/v2\/pages\/162\/revisions"}],"predecessor-version":[{"id":351,"href":"https:\/\/laantiguavicalvaro.archimadrid.es\/index.php\/wp-json\/wp\/v2\/pages\/162\/revisions\/351"}],"wp:attachment":[{"href":"https:\/\/laantiguavicalvaro.archimadrid.es\/index.php\/wp-json\/wp\/v2\/media?parent=162"}],"curies":[{"name":"wp","href":"https:\/\/api.w.org\/{rel}","templated":true}]}}