{"id":14,"date":"2019-10-15T11:11:39","date_gmt":"2019-10-15T09:11:39","guid":{"rendered":"https:\/\/laantiguavicalvaro.archimadrid.es\/?page_id=14"},"modified":"2024-09-11T08:58:03","modified_gmt":"2024-09-11T06:58:03","slug":"horarios","status":"publish","type":"page","link":"https:\/\/laantiguavicalvaro.archimadrid.es\/index.php\/horarios\/","title":{"rendered":"Horarios"},"content":{"rendered":"<p style=\"font-weight: 400;\"><strong>HORARIOS<\/strong><\/p>\n<p style=\"font-weight: 400;\"><strong>El templo permanecer\u00e1 abierto de lunes a s\u00e1bado desde las 9:00 a las 13:00 y desde las 18:30 a las 20:00 horas, todos los d\u00edas.<\/strong><\/p>\n<table style=\"height: 527px;\" width=\"456\">\n<tbody>\n<tr>\n<td style=\"text-align: center;\" width=\"191\"><span style=\"color: #000000;\" data-darkreader-inline-color=\"\"><strong>Temporada<\/strong><\/span><\/td>\n<td style=\"text-align: center;\" width=\"248\"><span style=\"--darkreader-inline-color: #73ffff; color: #4abfff;\" data-darkreader-inline-color=\"\"><b>TODO EL A\u00d1O<\/b><\/span><\/td>\n<td style=\"text-align: center;\">\n<p style=\"text-align: center;\">\n<\/td>\n<\/tr>\n<tr>\n<td width=\"191\">\n<p style=\"text-align: center;\"><span style=\"color: #00ffff;\" data-darkreader-inline-color=\"\"><strong><span style=\"color: #000000;\" data-darkreader-inline-color=\"\">Despacho Parroquial<\/span><\/strong><\/span><\/p>\n<\/td>\n<td width=\"248\">\n<p style=\"text-align: center;\"><strong>Lunes: 20:00 a 21:00 h<\/strong><\/p>\n<p>\u00a0 \u00a0 \u00a0 <strong>Mi\u00e9rcoles<\/strong><strong>: 10:00 a 12:00 h<\/strong><\/p>\n<p style=\"text-align: center;\"><strong>Viernes: 20:00 a 21:00 h<\/strong><\/p>\n<\/td>\n<td>\n<p style=\"text-align: center;\">\n<\/td>\n<\/tr>\n<tr>\n<td style=\"text-align: center;\" width=\"191\"><span style=\"color: #000000;\" data-darkreader-inline-color=\"\"><strong>C\u00e1ritas<\/strong><\/span><\/td>\n<td width=\"248\">\n<p style=\"text-align: center;\"><strong>Jueves: 17:30 a 19:00 h<\/strong><\/p>\n<\/td>\n<td>\n<p style=\"text-align: center;\">\n<\/td>\n<\/tr>\n<tr>\n<td style=\"text-align: center;\" width=\"191\"><span style=\"color: #000000;\" data-darkreader-inline-color=\"\"><strong>Eucarist\u00edas<\/strong><\/span><\/td>\n<td width=\"248\">\n<p style=\"text-align: center;\"><strong>Todos los d\u00edas: 19:30 h<\/strong><\/p>\n<p style=\"text-align: center;\"><strong>Domingos: 9, 11, 13 y 19:30 h<\/strong><\/p>\n<\/td>\n<td>\n<p style=\"text-align: center;\">\n<\/td>\n<\/tr>\n<\/tbody>\n<\/table>\n","protected":false},"excerpt":{"rendered":"<p>HORARIOS El templo permanecer\u00e1 abierto de lunes a s\u00e1bado desde las 9:00 a las 13:00 y desde las 18:30 a las 20:00 horas, todos los d\u00edas. Temporada TODO EL A\u00d1O Despacho Parroquial Lunes: 20:00 a 21:00 h \u00a0 \u00a0 \u00a0 Mi\u00e9rcoles: 10:00 a 12:00 h Viernes: 20:00 a 21:00 h C\u00e1ritas Jueves: 17:30 a 19:00 h Eucarist\u00edas Todos los d\u00edas: 19:30 h Domingos: 9, 11, 13 y 19:30 h<\/p>\n","protected":false},"author":1,"featured_media":0,"parent":0,"menu_order":0,"comment_status":"closed","ping_status":"closed","template":"","meta":{"footnotes":""},"class_list":["post-14","page","type-page","status-publish","hentry"],"_links":{"self":[{"href":"https:\/\/laantiguavicalvaro.archimadrid.es\/index.php\/wp-json\/wp\/v2\/pages\/14","targetHints":{"allow":["GET"]}}],"collection":[{"href":"https:\/\/laantiguavicalvaro.archimadrid.es\/index.php\/wp-json\/wp\/v2\/pages"}],"about":[{"href":"https:\/\/laantiguavicalvaro.archimadrid.es\/index.php\/wp-json\/wp\/v2\/types\/page"}],"author":[{"embeddable":true,"href":"https:\/\/laantiguavicalvaro.archimadrid.es\/index.php\/wp-json\/wp\/v2\/users\/1"}],"replies":[{"embeddable":true,"href":"https:\/\/laantiguavicalvaro.archimadrid.es\/index.php\/wp-json\/wp\/v2\/comments?post=14"}],"version-history":[{"count":17,"href":"https:\/\/laantiguavicalvaro.archimadrid.es\/index.php\/wp-json\/wp\/v2\/pages\/14\/revisions"}],"predecessor-version":[{"id":613,"href":"https:\/\/laantiguavicalvaro.archimadrid.es\/index.php\/wp-json\/wp\/v2\/pages\/14\/revisions\/613"}],"wp:attachment":[{"href":"https:\/\/laantiguavicalvaro.archimadrid.es\/index.php\/wp-json\/wp\/v2\/media?parent=14"}],"curies":[{"name":"wp","href":"https:\/\/api.w.org\/{rel}","templated":true}]}}